
{"id":6898,"date":"2024-03-08T09:40:04","date_gmt":"2024-03-08T08:40:04","guid":{"rendered":"https:\/\/ncsequipajes.com\/datenschutzbestimmungen\/"},"modified":"2026-02-05T20:19:06","modified_gmt":"2026-02-05T19:19:06","slug":"datenschutzbestimmungen","status":"publish","type":"page","link":"https:\/\/ncsequipajes.com\/de\/datenschutzbestimmungen\/","title":{"rendered":"Datenschutzbestimmungen"},"content":{"rendered":"\n<h2 class=\"wp-block-heading\">1. der f\u00fcr die Datenverarbeitung Verantwortliche<\/h2>\n\n<p>In \u00dcbereinstimmung mit den Bestimmungen der Verordnung (EU) 2016\/679 (RGPD) und des Organgesetzes 3\/2018 (LOPDGDD) werden die Nutzer dar\u00fcber informiert, dass die \u00fcber diese Website zur Verf\u00fcgung gestellten personenbezogenen Daten in \u00dcbereinstimmung mit dieser Datenschutzerkl\u00e4rung verarbeitet werden.<br\/>Die Identit\u00e4t und die Kontaktdaten des f\u00fcr die Datenverarbeitung Verantwortlichen sind im letzten Abschnitt dieser Erkl\u00e4rung aufgef\u00fchrt.<\/p>\n\n<h2 class=\"wp-block-heading\">2. Erfasste pers\u00f6nliche Daten<\/h2>\n\n<p class=\"has-text-align-left\">Es werden nur die pers\u00f6nlichen Daten erhoben, die f\u00fcr die korrekte Erbringung des Gep\u00e4cktransportdienstes erforderlich sind:<br\/>Es werden keine besonders gesch\u00fctzten Daten angefordert oder verarbeitet.<\/p>\n\n<h2 class=\"wp-block-heading\">3. die Zahlungsmodalit\u00e4ten<\/h2>\n\n<p>Bank- oder Zahlungsdaten werden von dem f\u00fcr die Verarbeitung Verantwortlichen nicht verarbeitet oder gespeichert.<br\/>Zahlungen werden \u00fcber die PayPal-Plattform abgewickelt, die als Drittanbieter von Zahlungsdiensten und als f\u00fcr die Verarbeitung von Finanzdaten Verantwortlicher gem\u00e4\u00df ihren eigenen Datenschutzbestimmungen fungiert.<br\/>Der f\u00fcr die Verarbeitung Verantwortliche hat zu keinem Zeitpunkt Zugriff auf die Bankdaten, Kartennummern oder Zahlungsinformationen des Nutzers.<\/p>\n\n<h2 class=\"wp-block-heading\">4) Zweck der Verarbeitung<\/h2>\n\n<p>Die von den Nutzern zur Verf\u00fcgung gestellten personenbezogenen Daten werden ausschlie\u00dflich f\u00fcr folgende Zwecke verwendet:<br\/>Verwaltung der Buchungen des Gep\u00e4cktransportdienstes<br\/>Korrekte Erbringung der vertraglich vereinbarten Dienstleistung<br\/>Kontaktaufnahme mit dem Kunden zur Koordinierung von Abholungen, Lieferungen, Zwischenf\u00e4llen oder Service\u00e4nderungen<br\/>Bearbeitung von Anfragen per Telefon, E-Mail oder \u00fcber die Website<br\/>Die Daten werden nicht f\u00fcr Werbezwecke oder zur Versendung unaufgeforderter kommerzieller Mitteilungen verwendet.<\/p>\n\n<h2 class=\"wp-block-heading\">5. die Rechtsgrundlage f\u00fcr die Verarbeitung<\/h2>\n\n<p>Die Rechtsgrundlage f\u00fcr die Verarbeitung der Daten ist:<br\/>Die Erf\u00fcllung eines Vertrags oder die Durchf\u00fchrung vorvertraglicher Ma\u00dfnahmen, die vom Nutzer gew\u00fcnscht werden (Art. 6.1.b GDPR)<br\/>Die Einwilligung der betroffenen Person, indem sie ihre Daten freiwillig \u00fcber die Website, per Telefon oder E-Mail zur Verf\u00fcgung stellt (Art. 6.1.a GDPR).<\/p>\n\n<h2 class=\"wp-block-heading\">Vorratsdatenspeicherung<\/h2>\n\n<p>Pers\u00f6nliche Daten werden aufbewahrt:<br\/>F\u00fcr den Zeitraum, der f\u00fcr die Erbringung der Dienstleistung erforderlich ist<br\/>Anschlie\u00dfend f\u00fcr die Zeitr\u00e4ume, die aufgrund von Steuer-, Buchhaltungs- und Verwaltungsvorschriften erforderlich sind<br\/>Nach Ablauf dieser Zeitr\u00e4ume werden die Daten sicher gel\u00f6scht.<\/p>\n\n<h2 class=\"wp-block-heading\">7. den Empf\u00e4ngern der Daten<\/h2>\n\n<p>Personenbezogene Daten werden nicht an Dritte weitergegeben, es sei denn, dies ist gesetzlich vorgeschrieben.<br\/>Dienstleister wie z.B. Zahlungsplattformen (PayPal) k\u00f6nnen nur dann auf die Daten zugreifen, wenn dies f\u00fcr die Aktivit\u00e4t erforderlich ist, und handeln in \u00dcbereinstimmung mit ihren eigenen Datenschutzrichtlinien und den geltenden Datenschutzbestimmungen.<br\/>Es werden keine internationalen Daten\u00fcbertragungen au\u00dferhalb des gesetzlich zul\u00e4ssigen Rahmens vorgenommen.<\/p>\n\n<h2 class=\"wp-block-heading\">8. die Benutzerrechte<\/h2>\n\n<p>Der Nutzer kann jederzeit die folgenden Rechte aus\u00fcben:<br\/>Zugang<br\/>Berichtigung<br\/>L\u00f6schung<br\/>Widerspruch<br\/>Einschr\u00e4nkung der Verarbeitung<br\/>Daten\u00fcbertragbarkeit<br\/>Um diese Rechte auszu\u00fcben, kann der Nutzer eine schriftliche Anfrage zusammen mit einer Kopie eines Ausweisdokuments an die in Abschnitt 9 dieser Datenschutzerkl\u00e4rung angegebenen Kontaktdaten senden.<br\/>Ebenso hat der Nutzer das Recht, eine Beschwerde bei der spanischen Datenschutzbeh\u00f6rde (www.aepd.es) einzureichen.<\/p>\n\n<h2 class=\"wp-block-heading\">Identifizierung des Controllers<\/h2>\n\n<p>Der Verantwortliche f\u00fcr die Verarbeitung personenbezogener Daten ist:<br\/>Verantwortlicher: Nunca Caminareis Sol@s (Ncs equipajes), Miguel Solivera Rodr\u00edguez.<br\/>NIF: 16596124Z<br\/>Gesch\u00e4ftsadresse: Calle Luis Barr\u00f3n 40 entresuelo izquierda<br\/>Telefon: +34 634483877<br\/>E-Mail electr\u00f3nico:info@ncsequipajes.com<br\/>T\u00e4tigkeit: Gep\u00e4cktransport auf dem Jakobsweg<br\/>Der Verantwortliche beh\u00e4lt sich das Recht vor, diese Datenschutzerkl\u00e4rung zu \u00e4ndern, um sie an \u00c4nderungen der Gesetzgebung oder der Rechtsprechung anzupassen. \u00c4nderungen werden auf dieser Seite ver\u00f6ffentlicht.<\/p>\n\n<p><\/p>\n","protected":false},"excerpt":{"rendered":"<p>1. der f\u00fcr die Datenverarbeitung Verantwortliche In \u00dcbereinstimmung mit den Bestimmungen der Verordnung (EU) 2016\/679 (RGPD) und des Organgesetzes 3\/2018 (LOPDGDD) werden die Nutzer dar\u00fcber informiert, dass die \u00fcber diese Website zur Verf\u00fcgung gestellten personenbezogenen Daten in \u00dcbereinstimmung mit dieser Datenschutzerkl\u00e4rung verarbeitet werden.Die Identit\u00e4t und die Kontaktdaten des f\u00fcr die Datenverarbeitung Verantwortlichen sind im letzten&#8230;<\/p>\n","protected":false},"author":1,"featured_media":0,"parent":0,"menu_order":0,"comment_status":"closed","ping_status":"open","template":"","meta":{"_kad_post_transparent":"","_kad_post_title":"","_kad_post_layout":"","_kad_post_sidebar_id":"","_kad_post_content_style":"","_kad_post_vertical_padding":"","_kad_post_feature":"","_kad_post_feature_position":"","_kad_post_header":false,"_kad_post_footer":false,"footnotes":""},"class_list":["post-6898","page","type-page","status-publish","hentry"],"yoast_head":"<!-- This site is optimized with the Yoast SEO plugin v25.8 - https:\/\/yoast.com\/wordpress\/plugins\/seo\/ -->\n<title>Datenschutzbestimmungen - NCS Equipajes<\/title>\n<meta name=\"robots\" content=\"noindex, follow, max-snippet:-1, max-image-preview:large, max-video-preview:-1\" \/>\n<meta property=\"og:locale\" content=\"de_DE\" \/>\n<meta property=\"og:type\" content=\"article\" \/>\n<meta property=\"og:title\" content=\"Datenschutzbestimmungen - NCS Equipajes\" \/>\n<meta property=\"og:description\" content=\"1. der f\u00fcr die Datenverarbeitung Verantwortliche In \u00dcbereinstimmung mit den Bestimmungen der Verordnung (EU) 2016\/679 (RGPD) und des Organgesetzes 3\/2018 (LOPDGDD) werden die Nutzer dar\u00fcber informiert, dass die \u00fcber diese Website zur Verf\u00fcgung gestellten personenbezogenen Daten in \u00dcbereinstimmung mit dieser Datenschutzerkl\u00e4rung verarbeitet werden.Die Identit\u00e4t und die Kontaktdaten des f\u00fcr die Datenverarbeitung Verantwortlichen sind im letzten...\" \/>\n<meta property=\"og:url\" content=\"https:\/\/ncsequipajes.com\/de\/datenschutzbestimmungen\/\" \/>\n<meta property=\"og:site_name\" content=\"NCS Equipajes\" \/>\n<meta property=\"article:modified_time\" content=\"2026-02-05T19:19:06+00:00\" \/>\n<meta name=\"twitter:card\" content=\"summary_large_image\" \/>\n<meta name=\"twitter:label1\" content=\"Gesch\u00e4tzte Lesezeit\" \/>\n\t<meta name=\"twitter:data1\" content=\"3\u00a0Minuten\" \/>\n<script type=\"application\/ld+json\" class=\"yoast-schema-graph\">{\"@context\":\"https:\/\/schema.org\",\"@graph\":[{\"@type\":\"WebPage\",\"@id\":\"https:\/\/ncsequipajes.com\/de\/datenschutzbestimmungen\/\",\"url\":\"https:\/\/ncsequipajes.com\/de\/datenschutzbestimmungen\/\",\"name\":\"Datenschutzbestimmungen - NCS Equipajes\",\"isPartOf\":{\"@id\":\"https:\/\/ncsequipajes.com\/en\/#website\"},\"datePublished\":\"2024-03-08T08:40:04+00:00\",\"dateModified\":\"2026-02-05T19:19:06+00:00\",\"breadcrumb\":{\"@id\":\"https:\/\/ncsequipajes.com\/de\/datenschutzbestimmungen\/#breadcrumb\"},\"inLanguage\":\"de\",\"potentialAction\":[{\"@type\":\"ReadAction\",\"target\":[\"https:\/\/ncsequipajes.com\/de\/datenschutzbestimmungen\/\"]}]},{\"@type\":\"BreadcrumbList\",\"@id\":\"https:\/\/ncsequipajes.com\/de\/datenschutzbestimmungen\/#breadcrumb\",\"itemListElement\":[{\"@type\":\"ListItem\",\"position\":1,\"name\":\"Portada\",\"item\":\"https:\/\/ncsequipajes.com\/\"},{\"@type\":\"ListItem\",\"position\":2,\"name\":\"Datenschutzbestimmungen\"}]},{\"@type\":\"WebSite\",\"@id\":\"https:\/\/ncsequipajes.com\/en\/#website\",\"url\":\"https:\/\/ncsequipajes.com\/en\/\",\"name\":\"NCS Equipajes\",\"description\":\"Nunca caminar\u00e9is solos\",\"potentialAction\":[{\"@type\":\"SearchAction\",\"target\":{\"@type\":\"EntryPoint\",\"urlTemplate\":\"https:\/\/ncsequipajes.com\/en\/?s={search_term_string}\"},\"query-input\":{\"@type\":\"PropertyValueSpecification\",\"valueRequired\":true,\"valueName\":\"search_term_string\"}}],\"inLanguage\":\"de\"}]}<\/script>\n<!-- \/ Yoast SEO plugin. -->","yoast_head_json":{"title":"Datenschutzbestimmungen - NCS Equipajes","robots":{"index":"noindex","follow":"follow","max-snippet":"max-snippet:-1","max-image-preview":"max-image-preview:large","max-video-preview":"max-video-preview:-1"},"og_locale":"de_DE","og_type":"article","og_title":"Datenschutzbestimmungen - NCS Equipajes","og_description":"1. der f\u00fcr die Datenverarbeitung Verantwortliche In \u00dcbereinstimmung mit den Bestimmungen der Verordnung (EU) 2016\/679 (RGPD) und des Organgesetzes 3\/2018 (LOPDGDD) werden die Nutzer dar\u00fcber informiert, dass die \u00fcber diese Website zur Verf\u00fcgung gestellten personenbezogenen Daten in \u00dcbereinstimmung mit dieser Datenschutzerkl\u00e4rung verarbeitet werden.Die Identit\u00e4t und die Kontaktdaten des f\u00fcr die Datenverarbeitung Verantwortlichen sind im letzten...","og_url":"https:\/\/ncsequipajes.com\/de\/datenschutzbestimmungen\/","og_site_name":"NCS Equipajes","article_modified_time":"2026-02-05T19:19:06+00:00","twitter_card":"summary_large_image","twitter_misc":{"Gesch\u00e4tzte Lesezeit":"3\u00a0Minuten"},"schema":{"@context":"https:\/\/schema.org","@graph":[{"@type":"WebPage","@id":"https:\/\/ncsequipajes.com\/de\/datenschutzbestimmungen\/","url":"https:\/\/ncsequipajes.com\/de\/datenschutzbestimmungen\/","name":"Datenschutzbestimmungen - NCS Equipajes","isPartOf":{"@id":"https:\/\/ncsequipajes.com\/en\/#website"},"datePublished":"2024-03-08T08:40:04+00:00","dateModified":"2026-02-05T19:19:06+00:00","breadcrumb":{"@id":"https:\/\/ncsequipajes.com\/de\/datenschutzbestimmungen\/#breadcrumb"},"inLanguage":"de","potentialAction":[{"@type":"ReadAction","target":["https:\/\/ncsequipajes.com\/de\/datenschutzbestimmungen\/"]}]},{"@type":"BreadcrumbList","@id":"https:\/\/ncsequipajes.com\/de\/datenschutzbestimmungen\/#breadcrumb","itemListElement":[{"@type":"ListItem","position":1,"name":"Portada","item":"https:\/\/ncsequipajes.com\/"},{"@type":"ListItem","position":2,"name":"Datenschutzbestimmungen"}]},{"@type":"WebSite","@id":"https:\/\/ncsequipajes.com\/en\/#website","url":"https:\/\/ncsequipajes.com\/en\/","name":"NCS Equipajes","description":"Nunca caminar\u00e9is solos","potentialAction":[{"@type":"SearchAction","target":{"@type":"EntryPoint","urlTemplate":"https:\/\/ncsequipajes.com\/en\/?s={search_term_string}"},"query-input":{"@type":"PropertyValueSpecification","valueRequired":true,"valueName":"search_term_string"}}],"inLanguage":"de"}]}},"_links":{"self":[{"href":"https:\/\/ncsequipajes.com\/de\/wp-json\/wp\/v2\/pages\/6898","targetHints":{"allow":["GET"]}}],"collection":[{"href":"https:\/\/ncsequipajes.com\/de\/wp-json\/wp\/v2\/pages"}],"about":[{"href":"https:\/\/ncsequipajes.com\/de\/wp-json\/wp\/v2\/types\/page"}],"author":[{"embeddable":true,"href":"https:\/\/ncsequipajes.com\/de\/wp-json\/wp\/v2\/users\/1"}],"replies":[{"embeddable":true,"href":"https:\/\/ncsequipajes.com\/de\/wp-json\/wp\/v2\/comments?post=6898"}],"version-history":[{"count":1,"href":"https:\/\/ncsequipajes.com\/de\/wp-json\/wp\/v2\/pages\/6898\/revisions"}],"predecessor-version":[{"id":6899,"href":"https:\/\/ncsequipajes.com\/de\/wp-json\/wp\/v2\/pages\/6898\/revisions\/6899"}],"wp:attachment":[{"href":"https:\/\/ncsequipajes.com\/de\/wp-json\/wp\/v2\/media?parent=6898"}],"curies":[{"name":"wp","href":"https:\/\/api.w.org\/{rel}","templated":true}]}}