
{"id":6900,"date":"2024-03-08T09:40:04","date_gmt":"2024-03-08T08:40:04","guid":{"rendered":"https:\/\/ncsequipajes.com\/politique-de-confidentialite\/"},"modified":"2026-02-05T20:20:02","modified_gmt":"2026-02-05T19:20:02","slug":"politique-de-confidentialite","status":"publish","type":"page","link":"https:\/\/ncsequipajes.com\/fr\/politique-de-confidentialite\/","title":{"rendered":"Politique de confidentialit\u00e9"},"content":{"rendered":"\n<h2 class=\"wp-block-heading\">1. le responsable du traitement des donn\u00e9es<\/h2>\n\n<p>Conform\u00e9ment aux dispositions du r\u00e8glement (UE) 2016\/679 (RGPD) et de la loi organique 3\/2018 (LOPDGDD), les utilisateurs sont inform\u00e9s que les donn\u00e9es personnelles fournies par le biais de ce site web seront trait\u00e9es conform\u00e9ment \u00e0 la pr\u00e9sente politique de confidentialit\u00e9.<br\/>L&rsquo;identit\u00e9 et les coordonn\u00e9es du responsable du traitement sont d\u00e9taill\u00e9es dans la derni\u00e8re section de la pr\u00e9sente politique.<\/p>\n\n<h2 class=\"wp-block-heading\">2. Donn\u00e9es personnelles collect\u00e9es<\/h2>\n\n<p class=\"has-text-align-left\">Seules les donn\u00e9es personnelles n\u00e9cessaires \u00e0 la fourniture correcte du service de transport de bagages sont collect\u00e9es :<br\/>Aucune donn\u00e9e sp\u00e9cialement prot\u00e9g\u00e9e n&rsquo;est demand\u00e9e ou trait\u00e9e.<\/p>\n\n<h2 class=\"wp-block-heading\">3. les modalit\u00e9s de paiement<\/h2>\n\n<p>Les donn\u00e9es bancaires ou de paiement ne sont pas trait\u00e9es ou stock\u00e9es par le responsable du traitement.<br\/>Les paiements sont effectu\u00e9s via la plateforme PayPal, qui agit en tant que prestataire de services de paiement tiers et en tant que responsable du traitement des donn\u00e9es financi\u00e8res, conform\u00e9ment \u00e0 sa propre politique de confidentialit\u00e9.<br\/>Le responsable du traitement n&rsquo;a \u00e0 aucun moment acc\u00e8s aux coordonn\u00e9es bancaires, aux num\u00e9ros de carte ou aux informations d&rsquo;identification de paiement de l&rsquo;utilisateur.<\/p>\n\n<h2 class=\"wp-block-heading\">4. la finalit\u00e9 du traitement<\/h2>\n\n<p>Les donn\u00e9es personnelles fournies par les utilisateurs sont utilis\u00e9es exclusivement pour :<br\/>G\u00e9rer les r\u00e9servations de services de transport de bagages<br\/>Fournir correctement le service contract\u00e9<br\/>Contacter le client pour coordonner les enl\u00e8vements, les livraisons, les incidents ou les modifications du service<br\/>Traiter les demandes faites par t\u00e9l\u00e9phone, e-mail ou via le site web<br\/>Les donn\u00e9es ne seront pas utilis\u00e9es \u00e0 des fins publicitaires ou pour envoyer des communications commerciales non sollicit\u00e9es.<\/p>\n\n<h2 class=\"wp-block-heading\">5. base juridique du traitement<\/h2>\n\n<p>La base juridique du traitement des donn\u00e9es est :<br\/>L&rsquo;ex\u00e9cution d&rsquo;un contrat ou la mise en \u0153uvre de mesures pr\u00e9contractuelles demand\u00e9es par l&rsquo;utilisateur (art. 6.1.b GDPR)<br\/>Le consentement de la personne concern\u00e9e, en fournissant volontairement ses donn\u00e9es via le site Web, le t\u00e9l\u00e9phone ou l&rsquo;e-mail (art. 6.1.a GDPR).<\/p>\n\n<h2 class=\"wp-block-heading\">Conservation des donn\u00e9es<\/h2>\n\n<p>Les donn\u00e9es \u00e0 caract\u00e8re personnel seront conserv\u00e9es :<br\/>pendant la dur\u00e9e n\u00e9cessaire \u00e0 la fourniture du service<br\/>ensuite pendant les p\u00e9riodes requises par les r\u00e9glementations fiscales, comptables et administratives<br\/>\u00e0 l&rsquo;expiration de ces p\u00e9riodes, les donn\u00e9es seront supprim\u00e9es en toute s\u00e9curit\u00e9.<\/p>\n\n<h2 class=\"wp-block-heading\">7. les destinataires des donn\u00e9es<\/h2>\n\n<p>Les donn\u00e9es personnelles ne seront pas transf\u00e9r\u00e9es \u00e0 des tiers, sauf obligation l\u00e9gale.<br\/>Les prestataires de services tels que les plateformes de paiement (PayPal) peuvent avoir acc\u00e8s aux donn\u00e9es uniquement lorsque cela est n\u00e9cessaire pour l&rsquo;activit\u00e9, et agiront conform\u00e9ment \u00e0 leurs propres politiques de confidentialit\u00e9 et aux r\u00e9glementations en vigueur en mati\u00e8re de protection des donn\u00e9es.<br\/>Aucun transfert international de donn\u00e9es n&rsquo;est effectu\u00e9 en dehors du cadre autoris\u00e9 par la loi.<\/p>\n\n<h2 class=\"wp-block-heading\">8. les droits des utilisateurs<\/h2>\n\n<p>L&rsquo;utilisateur peut exercer \u00e0 tout moment les droits suivants :<br\/>Acc\u00e8s<br\/>Rectification<br\/>Effacement<br\/>Opposition<br\/>Limitation du traitement<br\/>Portabilit\u00e9 des donn\u00e9es<br\/>Pour exercer ces droits, l&rsquo;utilisateur peut envoyer une demande \u00e9crite, accompagn\u00e9e d&rsquo;une copie d&rsquo;une pi\u00e8ce d&rsquo;identit\u00e9, aux coordonn\u00e9es indiqu\u00e9es dans la section 9 de la pr\u00e9sente politique.<br\/>De m\u00eame, l&rsquo;utilisateur a le droit d&rsquo;introduire une plainte aupr\u00e8s de l&rsquo;Agence espagnole de protection des donn\u00e9es (www.aepd.es).<\/p>\n\n<h2 class=\"wp-block-heading\">Identification du contr\u00f4leur<\/h2>\n\n<p>Le responsable du traitement des donn\u00e9es personnelles est :<br\/>Responsable : Nunca Caminareis Sol@s (Ncs equipajes), Miguel Solivera Rodr\u00edguez.<br\/>NIF : 16596124Z<br\/>Adresse professionnelle : Calle Luis Barr\u00f3n 40 entresuelo izquierda<br\/>T\u00e9l\u00e9phone : +34 634483877<br\/>E-mail electr\u00f3nico:info@ncsequipajes.com<br\/>Activit\u00e9 : Transport de bagages sur le Chemin de Saint-Jacques<br\/>Le responsable se r\u00e9serve le droit de modifier cette politique de confidentialit\u00e9 pour l&rsquo;adapter aux changements l\u00e9gislatifs ou jurisprudentiels. Les modifications seront publi\u00e9es sur cette page.<\/p>\n\n<p><\/p>\n","protected":false},"excerpt":{"rendered":"<p>1. le responsable du traitement des donn\u00e9es Conform\u00e9ment aux dispositions du r\u00e8glement (UE) 2016\/679 (RGPD) et de la loi organique 3\/2018 (LOPDGDD), les utilisateurs sont inform\u00e9s que les donn\u00e9es personnelles fournies par le biais de ce site web seront trait\u00e9es conform\u00e9ment \u00e0 la pr\u00e9sente politique de confidentialit\u00e9.L&rsquo;identit\u00e9 et les coordonn\u00e9es du responsable du traitement sont&#8230;<\/p>\n","protected":false},"author":1,"featured_media":0,"parent":0,"menu_order":0,"comment_status":"closed","ping_status":"open","template":"","meta":{"_kad_post_transparent":"","_kad_post_title":"","_kad_post_layout":"","_kad_post_sidebar_id":"","_kad_post_content_style":"","_kad_post_vertical_padding":"","_kad_post_feature":"","_kad_post_feature_position":"","_kad_post_header":false,"_kad_post_footer":false,"footnotes":""},"class_list":["post-6900","page","type-page","status-publish","hentry"],"yoast_head":"<!-- This site is optimized with the Yoast SEO plugin v25.8 - https:\/\/yoast.com\/wordpress\/plugins\/seo\/ -->\n<title>Politique de confidentialit\u00e9 - NCS Equipajes<\/title>\n<meta name=\"robots\" content=\"noindex, follow, max-snippet:-1, max-image-preview:large, max-video-preview:-1\" \/>\n<meta property=\"og:locale\" content=\"fr_FR\" \/>\n<meta property=\"og:type\" content=\"article\" \/>\n<meta property=\"og:title\" content=\"Politique de confidentialit\u00e9 - NCS Equipajes\" \/>\n<meta property=\"og:description\" content=\"1. le responsable du traitement des donn\u00e9es Conform\u00e9ment aux dispositions du r\u00e8glement (UE) 2016\/679 (RGPD) et de la loi organique 3\/2018 (LOPDGDD), les utilisateurs sont inform\u00e9s que les donn\u00e9es personnelles fournies par le biais de ce site web seront trait\u00e9es conform\u00e9ment \u00e0 la pr\u00e9sente politique de confidentialit\u00e9.L&rsquo;identit\u00e9 et les coordonn\u00e9es du responsable du traitement sont...\" \/>\n<meta property=\"og:url\" content=\"https:\/\/ncsequipajes.com\/fr\/politique-de-confidentialite\/\" \/>\n<meta property=\"og:site_name\" content=\"NCS Equipajes\" \/>\n<meta property=\"article:modified_time\" content=\"2026-02-05T19:20:02+00:00\" \/>\n<meta name=\"twitter:card\" content=\"summary_large_image\" \/>\n<meta name=\"twitter:label1\" content=\"Dur\u00e9e de lecture estim\u00e9e\" \/>\n\t<meta name=\"twitter:data1\" content=\"3 minutes\" \/>\n<script type=\"application\/ld+json\" class=\"yoast-schema-graph\">{\"@context\":\"https:\/\/schema.org\",\"@graph\":[{\"@type\":\"WebPage\",\"@id\":\"https:\/\/ncsequipajes.com\/fr\/politique-de-confidentialite\/\",\"url\":\"https:\/\/ncsequipajes.com\/fr\/politique-de-confidentialite\/\",\"name\":\"Politique de confidentialit\u00e9 - NCS Equipajes\",\"isPartOf\":{\"@id\":\"https:\/\/ncsequipajes.com\/en\/#website\"},\"datePublished\":\"2024-03-08T08:40:04+00:00\",\"dateModified\":\"2026-02-05T19:20:02+00:00\",\"breadcrumb\":{\"@id\":\"https:\/\/ncsequipajes.com\/fr\/politique-de-confidentialite\/#breadcrumb\"},\"inLanguage\":\"fr-FR\",\"potentialAction\":[{\"@type\":\"ReadAction\",\"target\":[\"https:\/\/ncsequipajes.com\/fr\/politique-de-confidentialite\/\"]}]},{\"@type\":\"BreadcrumbList\",\"@id\":\"https:\/\/ncsequipajes.com\/fr\/politique-de-confidentialite\/#breadcrumb\",\"itemListElement\":[{\"@type\":\"ListItem\",\"position\":1,\"name\":\"Portada\",\"item\":\"https:\/\/ncsequipajes.com\/\"},{\"@type\":\"ListItem\",\"position\":2,\"name\":\"Politique de confidentialit\u00e9\"}]},{\"@type\":\"WebSite\",\"@id\":\"https:\/\/ncsequipajes.com\/en\/#website\",\"url\":\"https:\/\/ncsequipajes.com\/en\/\",\"name\":\"NCS Equipajes\",\"description\":\"Nunca caminar\u00e9is solos\",\"potentialAction\":[{\"@type\":\"SearchAction\",\"target\":{\"@type\":\"EntryPoint\",\"urlTemplate\":\"https:\/\/ncsequipajes.com\/en\/?s={search_term_string}\"},\"query-input\":{\"@type\":\"PropertyValueSpecification\",\"valueRequired\":true,\"valueName\":\"search_term_string\"}}],\"inLanguage\":\"fr-FR\"}]}<\/script>\n<!-- \/ Yoast SEO plugin. -->","yoast_head_json":{"title":"Politique de confidentialit\u00e9 - NCS Equipajes","robots":{"index":"noindex","follow":"follow","max-snippet":"max-snippet:-1","max-image-preview":"max-image-preview:large","max-video-preview":"max-video-preview:-1"},"og_locale":"fr_FR","og_type":"article","og_title":"Politique de confidentialit\u00e9 - NCS Equipajes","og_description":"1. le responsable du traitement des donn\u00e9es Conform\u00e9ment aux dispositions du r\u00e8glement (UE) 2016\/679 (RGPD) et de la loi organique 3\/2018 (LOPDGDD), les utilisateurs sont inform\u00e9s que les donn\u00e9es personnelles fournies par le biais de ce site web seront trait\u00e9es conform\u00e9ment \u00e0 la pr\u00e9sente politique de confidentialit\u00e9.L&rsquo;identit\u00e9 et les coordonn\u00e9es du responsable du traitement sont...","og_url":"https:\/\/ncsequipajes.com\/fr\/politique-de-confidentialite\/","og_site_name":"NCS Equipajes","article_modified_time":"2026-02-05T19:20:02+00:00","twitter_card":"summary_large_image","twitter_misc":{"Dur\u00e9e de lecture estim\u00e9e":"3 minutes"},"schema":{"@context":"https:\/\/schema.org","@graph":[{"@type":"WebPage","@id":"https:\/\/ncsequipajes.com\/fr\/politique-de-confidentialite\/","url":"https:\/\/ncsequipajes.com\/fr\/politique-de-confidentialite\/","name":"Politique de confidentialit\u00e9 - NCS Equipajes","isPartOf":{"@id":"https:\/\/ncsequipajes.com\/en\/#website"},"datePublished":"2024-03-08T08:40:04+00:00","dateModified":"2026-02-05T19:20:02+00:00","breadcrumb":{"@id":"https:\/\/ncsequipajes.com\/fr\/politique-de-confidentialite\/#breadcrumb"},"inLanguage":"fr-FR","potentialAction":[{"@type":"ReadAction","target":["https:\/\/ncsequipajes.com\/fr\/politique-de-confidentialite\/"]}]},{"@type":"BreadcrumbList","@id":"https:\/\/ncsequipajes.com\/fr\/politique-de-confidentialite\/#breadcrumb","itemListElement":[{"@type":"ListItem","position":1,"name":"Portada","item":"https:\/\/ncsequipajes.com\/"},{"@type":"ListItem","position":2,"name":"Politique de confidentialit\u00e9"}]},{"@type":"WebSite","@id":"https:\/\/ncsequipajes.com\/en\/#website","url":"https:\/\/ncsequipajes.com\/en\/","name":"NCS Equipajes","description":"Nunca caminar\u00e9is solos","potentialAction":[{"@type":"SearchAction","target":{"@type":"EntryPoint","urlTemplate":"https:\/\/ncsequipajes.com\/en\/?s={search_term_string}"},"query-input":{"@type":"PropertyValueSpecification","valueRequired":true,"valueName":"search_term_string"}}],"inLanguage":"fr-FR"}]}},"_links":{"self":[{"href":"https:\/\/ncsequipajes.com\/fr\/wp-json\/wp\/v2\/pages\/6900","targetHints":{"allow":["GET"]}}],"collection":[{"href":"https:\/\/ncsequipajes.com\/fr\/wp-json\/wp\/v2\/pages"}],"about":[{"href":"https:\/\/ncsequipajes.com\/fr\/wp-json\/wp\/v2\/types\/page"}],"author":[{"embeddable":true,"href":"https:\/\/ncsequipajes.com\/fr\/wp-json\/wp\/v2\/users\/1"}],"replies":[{"embeddable":true,"href":"https:\/\/ncsequipajes.com\/fr\/wp-json\/wp\/v2\/comments?post=6900"}],"version-history":[{"count":1,"href":"https:\/\/ncsequipajes.com\/fr\/wp-json\/wp\/v2\/pages\/6900\/revisions"}],"predecessor-version":[{"id":6901,"href":"https:\/\/ncsequipajes.com\/fr\/wp-json\/wp\/v2\/pages\/6900\/revisions\/6901"}],"wp:attachment":[{"href":"https:\/\/ncsequipajes.com\/fr\/wp-json\/wp\/v2\/media?parent=6900"}],"curies":[{"name":"wp","href":"https:\/\/api.w.org\/{rel}","templated":true}]}}